{"id":175,"date":"2018-11-03T01:55:54","date_gmt":"2018-11-03T01:55:54","guid":{"rendered":"http:\/\/neeoon.com\/?page_id=175"},"modified":"2021-03-22T01:28:14","modified_gmt":"2021-03-22T01:28:14","slug":"demo-home","status":"publish","type":"page","link":"https:\/\/neeoon.com\/","title":{"rendered":"Home of technic"},"content":{"rendered":"<div id=\"cs-content\" class=\"cs-content\"  ><div id=\"x-section-1\" class=\"x-section cs-hide-sm cs-hide-xs bg-image\" style=\"margin: 0px;padding: 45px 0px; background-image: url(data:image\/png;base64,iVBORw0KGgoAAAANSUhEUgAABwgAAAMgBAMAAADFDSv9AAAABGdBTUEAALGPC\/xhBQAAABJQTFRF\/Pz8\/\/\/\/\/\/\/\/AAAA7Ozs3t7eztRK9wAAAAR0Uk5Tqj5pAAuPh48AAAnWSURBVHja7dhBDcAgFERBPNQBOChGSFP8W0EDCZcl8yQsmcOndEX3zs8I4RUTQCgIBSGEglAQCkIIBaEgFIQQCkJBKAghFISCUBBCKAgFoSCEUBAKQkEIoSAUhIIQQkEoCAUhhIJQEApCCAWhIBSEEApCQSgIIRSEglAQQigIBaEghFAQCkJBCKEgFIQQQgihIBSEEApCQSgIIRSEglAQQigIBaEghFAQCkJBCKEgFISCEEJBKAgFIYSCUBAKQggFoSAUhBAKQkEoCCEUhIJQEEIoCAWhIIRQEApCQQihIBSEghBCQSgIBSGEglAQCkIIBaEghFAQCkJBCKEgFISCEEJBKAgFIYSCUBAKQggFoSAUhBAKQkEoCCEUhIJQEEIoCAWhIIRQEApCQQihIBSEghBCQSgIBSGEglAQCkIIBaEgFIQQCkJBKAghFISCUBBCKAgFIYQQQigIBSGEglAQCkIIBaEgFIQQCkJBKAghFISCUBBCKAgFoSCEUBAKQkEIoSAUhIIQQkEoCAUhhIJQEApCCAWhIBSEEApCQSgIIRSEglAQQigIBaEghFAQCkJBCKEgFISCEEJBKAghFISCUBBCKAgFoSCEUBAKQkEIoSAUhIIQQkEoCAUhhIJQEApCCAWhIBSEEApCQSgIIRSEglAQQigIBaEghFAQCkJBCKEgFISCEEJBKAgFIYSCUBAKQggFoSAUhBAKQkEIoREgFISCEEJBKAgFIYSCUBAKQggFoSAUhBAKQkEoCCEUhIJQEEIoCAWhIIRQEApCQQihIBSEghBCQSgIBSGEglAQCkIIBaEgFIQQCkJBKAghFISCUBBCKAgFoSCEUBAKQkEIoSAUhBAKQkEoCCEUhIJQEEIoCAWhIIRQEApCQQihIBSEghBCQSgIBSGEglAQCkIIBaEgFIQQCkJBKAghFISCUBBCKAgFoSCEUBAKQkEIoSAUhIIQQkEoCAUhhIJQEApCCAWhIIRQEApCQQihIBSEghBCQSgIBSGEglAQCkIIBaEgFIQQCkJBKAghFISCUBBCKAgFoSCEUBAKQkEIoSAUhIIQQkEoCAUhhIJQEApCCAWhIBSEEApCQSgIIRSEglAQQigIBSGEJoBQEApCCAWhIBSEEApCQSgIIRSEglAQQigIBaEghFAQCkJBCKEgFISCEEJBKAgFIYSCUBAKQggFoSAUhBAKQkEoCCEUhIJQEEIoCAWhIIRQEApCQQihIBSEghBCQSgIIYQQQkEoCCEUhIJQEEIoCAWhIIRQEApCQQihIBSEghBCQSgIBSGEglAQCkIIBaEgFIQQCkJBKAghFISCUBBCKAgFoSCEUBAKQkEIoSAUhIIQQkEoCAUhhIJQEApCCAWhIBSEEApCQQihIBSEghBCQSgIBSGEglAQCkIIBaEgFIQQCkJBKAghFISCUBBCKAgFoSCEUBAKQkEIoSAUhIIQQkEoCAUhhIJQEApCCAWhIBSEEApCQSgIIRSEglAQQigIBaEghFAQCkIIIYRQEApCCAWhIBSEEApCQSgIIRSEglAQQigIBaEghFAQCkJBCKEgFISCEEJBKAgFIYSCUBAKQggFoSAUhBAKQkEoCCEUhIJQEEIoCAWhIIRQEApCQQihIBSEghBCQSgIBSGEglAQQigIBaEghFAQCkJBCKEgFISCEEJBKAgFIYSCUBBqA+GoGT0eC8JbEf4zo+axIIQQQggFoSB0E7oJIdRxhH5HIRSEghBCQSgIBSGEglAQCkIIBaEgFIQQCkJBKAghFISCUBBCKAgFoSCEUBAKQkEIoSAUhIIQQkEoCAUhhIJQEApCCAWhIBSEEApCQSgIIRSEglAQQigIBaEghFAQCkJBCKEgFIQQCkJBKAghFISCUBBCKAgFoSCEUBAKQkEIoSAUhIIQQkEoCAUhhIJQEApCCAWhIBSEEApCQSgIIRSEglAQQigIBaEghFAQCkJBCKEgFISCEEJBKAgFIYSCUBAKQggFoSCE0AgQCkJBCKEgFISCEEJBKAgFIYSCUBAKQggFoSAUhBAKQkEoCCEUhIJQEEIoCAWhIIRQEApCQQihIBSEghBCQSgIBSGEglAQCkIIBaEgFIQQCkJBKAghFISCUBBCKAgFoSCEUBAKQggFoSAUhBAKQkEoCCEUhIJQEEIoCAWhIIRQEApCQQihIBSEghBCQSgIBSGEglAQCkIIBaEgFIQQCkJBKAghFISCUBBCKAgFoSCEUBAKQkEIoSAUhIIQQkEoCAUhhIJQEEIoCAWhIIRQEApCQQihIBSEghBCQSgIBSGEglAQCkIIBaEgFIQQCkJBKAghFISCUBBCKAgFoSCEUBAKQkEIoSAUhIIQQkEoCAUhhIJQEApCCAWhIBSEEApCQSgIIRSEghBCE0AoCAUhhIJQEApCCAWhIBSEEApCQSgIIRSEglAQQigIBaEghFAQCkJBCKEgFISCEEJBKAgFIYSCUBAKQggFoSAUhBAKQkEoCCEUhIJQEEIoCAWhIIRQEApCQQihIBSEEEIIoSAUhBAKQkEoCCEUhIJQEEIoCAWhIIRQEApCQQihIBSEghBCQSgIBSGEglAQCkIIBaEgFIQQCkJBKAghFISCUBBCKAgFoSCEUBAKQkEIoSAUhIIQQkEoCAUhhIJQEApCCAWhIIRQEApCQQihIBSEghBCQSgIBSGEglAQCkIIBaEgFIQQCkJBKAghFISCUBBCKAgFoSCEUBAKQkEIoSAUhIIQQkEoCAUhhIJQEApCCAWhIBSEEApCQSgIIRSEglAQQigIBSGEEEIoCAUhhIJQEApCCAWhIBSEEApCQSgIIRSEglAQQigIBaEghFAQCkJBCKEgFISCEEJBKAgFIYSCUBAKQggFoSAUhBAKQkEoCCEUhIJQEEIoCAWhIIRQEApCQQihIBSEghBCQSgIIRSEglAQQigIBaEghFAQCkJBCKEgFISCEEJBKAgFIYSCUBAKQggFoSAUhBAKQkEoCCEUhIJQEEIoCAWhIIRQEApCQQihIBSEghBCQSgIBSGEglAQCkIIBaEgFIQQCkJBCKERIBSEghBCQSgIBSGEglAQCkIIBaEgFIQQCkJBKAghFISCUBBCKAgFoSCEUBAKQkEIoSAUhIIQQkEoCAUhhIJQEApCCAWhIBSEEApCQSgIIRSEglAQQigIBaEghFAQCkJBCKEgFIQQCkJBKAghFISCUBBCKAgFoSCEUBAKQkEIoSAUhIIQQkEoCAUhhIJQEApCCAWhIBSEEApCQSgIIRSEglAQQigIBaEghFAQCkJBCKEgFISCEEJBKAgFIYSCUBAKQggFoSCEUBAKQkEIoSAUhIIQQkEoCAUhhIJQEApCCJXVAhISYk5ethjfAAAAAElFTkSuQmCC); background-color: transparent;\"  data-x-element=\"section\" data-x-params=\"{&quot;type&quot;:&quot;image&quot;,&quot;parallax&quot;:false}\" ><div class=\"x-container max width\" style=\"margin: 0px auto;padding: 0px;\"  ><div  class=\"x-column x-sm x-1-2\" style=\"padding: 0px;\" ><h2  class=\"h-custom-headline resp-h-timeline h2\" style=\"margin: 21% 0 0;\"><span>Neeoon AirPods Qi LadeCase<\/span><\/h2><div class=\"x-text resp-p-timeline\"  ><p><span style=\"color: #ffffff;\">Die Weltneuheit. Das Qi LadeCase f\u00fcr deine Apple AirPods, in einem unwiderstehlichem Design.<\/span><\/p>\n<\/div><\/div><div  class=\"x-column x-sm cs-ta-center x-1-2\" style=\"padding: 0px;\" ><img  class=\"x-img man x-img-circle\"  src=\"http:\/\/neeoon.com\/wp-content\/uploads\/2018\/11\/QIAIRPOD_Schutzh\u00fclle-apple-grau.jpg\" alt=\"Placeholder\"><\/div><\/div><\/div><div id=\"x-section-2\" class=\"x-section cs-hide-sm cs-hide-xs bg-image\" style=\"margin: 0px;padding: 45px 0px; background-image: url(data:image\/png;base64,iVBORw0KGgoAAAANSUhEUgAABwgAAAMgBAMAAADFDSv9AAAABGdBTUEAALGPC\/xhBQAAABJQTFRF\/Pz8\/\/\/\/\/\/\/\/AAAA7Ozs3t7eztRK9wAAAAR0Uk5Tqj5pAAuPh48AAAnTSURBVHja7dhRDcAgEERBNFQBIakBcNIU\/1awwcI8CZvMx10Ziq7PzwjhFRNAKAgFIYSCUBAKQggFoSAUhBAKQkEoCCEUhIJQEEIoCAWhIIRQEApCQQihIBSEghBCQSgIBSGEglAQCkIIBaEgFIQQCkJBKAghFISCUBBCKAgFoSCEUBAKQkEIoSAUhBBCCKEgFIQQCkJBKAghFISCUBBCKAgFoSCEUBAKQkEIoSAUhIIQQkEoCAUhhIJQEApCCAWhIBSEEApCQSgIIRSEglAQQigIBaEghFAQCkJBCKEgFISCEEJBKAgFIYSCUBAKQggFoSCEUBAKQkEIoSAUhIIQQkEoCAUhhIJQEApCCAWhIBSEEApCQSgIIRSEglAQQigIBaEghFAQCkJBCKEgFISCEEJBKAgFIYSCUBAKQggFoSAUhBAKQkEoCCEUhIJQEEIoCAUhhBBCKAgFIYSCUBAKQggFoSAUhBAKQkEoCCEUhIJQEEIoCAWhIIRQEApCQQihIBSEghBCQSgIBSGEglAQCkIIBaEgFIQQCkJBKAghFISCUBBCKAgFoSCEUBAKQkEIoSAUhIIQQkEoCCEUhIJQEEIoCAWhIIRQEApCQQihIBSEghBCQSgIBSGEglAQCkIIBaEgFIQQCkJBKAghFISCUBBCKAgFoSCEUBAKQkEIoSAUhIIQQkEoCAUhhIJQEApCCAWhIBSEEApCQQihESAUhIIQQkEoCAUhhIJQEApCCAWhIBSEEApCQSgIIRSEglAQQigIBaEghFAQCkJBCKEgFISCEEJBKAgFIYSCUBAKQggFoSAUhBAKQkEoCCEUhIJQEEIoCAWhIIRQEApCQQihIBSEEApCQSgIIRSEglAQQigIBaEghFAQCkJBCKEgFISCEEJBKAgFIYSCUBAKQggFoSAUhBAKQkEoCCEUhIJQEEIoCAWhIIRQEApCQQihIBSEghBCQSgIBSGEglAQCkIIBaEghFAQCkJBCKEgFISCEEJBKAgFIYSCUBAKQggFoSAUhBAKQkEoCCEUhIJQEEIoCAWhIIRQEApCQQihIBSEghBCQSgIBSGEglAQCkIIBaEgFIQQCkJBKAghFISCUBBCKAgFIYQmgFAQCkIIBaEgFIQQCkJBKAghFISCUBBCKAgFoSCEUBAKQkEIoSAUhIIQQkEoCAUhhIJQEApCCAWhIBSEEApCQSgIIRSEglAQQigIBaEghFAQCkJBCKEgFISCEEJBKAghhBBCQSgIIRSEglAQQigIBaEghFAQCkJBCKEgFISCEEJBKAgFIYSCUBAKQggFoSAUhBAKQkEoCCEUhIJQEEIoCAWhIIRQEApCQQihIBSEghBCQSgIBSGEglAQCkIIBaEgFIQQCkJBCKEgFISCEEJBKAgFIYSCUBAKQggFoSAUhBAKQkEoCCEUhIJQEEIoCAWhIIRQEApCQQihIBSEghBCQSgIBSGEglAQCkIIBaEgFIQQCkJBKAghFISCUBBCKAgFoSCEUBAKQgghhFAQCkIIBaEgFIQQCkJBKAghFISCUBBCKAgFoSCEUBAKQkEIoSAUhIIQQkEoCAUhhIJQEApCCAWhIBSEEApCQSgIIRSEglAQQigIBaEghFAQCkJBCKEgFISCEEJBKAgFIYSCUBBCKAgFoSCEUBAKQkEIoSAUhIIQQkEoCAUhhIJQEO7Q0yKqEEJ4bO+M6IcQQgghFIQQCkI3oZtQEF6b7yiEglAQQigIBaEghFAQCkJBCKEgFISCEEJBKAgFIYSCUBAKQggFoSAUhBAKQkEoCCEUhIJQEEIoCAWhIIRQEApCQQihIBSEghBCQSgIBSGEglAQCkIIBaEgFIQQCkJBKAghFISCEEITQCgIBSGEglAQCkIIBaEgFIQQCkJBKAghFISCUBBCKAgFoSCEUBAKQkEIoSAUhIIQQkEoCAUhhIJQEApCCAWhIBSEEApCQSgIIRSEglAQQigIBaEghFAQCkJBCKEgFIQQQgihIBSEEApCQSgIIRSEglAQQigIBaEghFAQCkJBCKEgFISCEEJBKAgFIYSCUBAKQggFoSAUhBAKQkEoCCEUhIJQEEIoCAWhIIRQEApCQQihIBSEghBCQSgIBSGEglAQCkIIBaEghFAQCkJBCKEgFISCEEJBKAgFIYSCUBAKQggFoSAUhBAKQkEoCCEUhIJQEEIoCAWhIIRQEApCQQihIBSEghBCQSgIBSGEglAQCkIIBaEgFIQQCkJBKAghFISCUBBCKAgFIYQQQigIBSGEglAQCkIIBaEgFIQQCkJBKAghFISCUBBCKAgFoSCEUBAKQkEIoSAUhIIQQkEoCAUhhIJQEApCCAWhIBSEEApCQSgIIRSEglAQQigIBaEghFAQCkJBCKEgFISCEEJBKAghFISCUBBCKAgFoSCEUBAKQkEIoSAUhIIQQkEoCAUhhIJQEApCCAWhIBSEEApCQSgIIRSEglAQQigIBaEghFAQCkJBCKEgFISCEEJBKAgFIYSCUBAKQggFoSAUhBAKQkEIoREgFISCEEJBKAgFIYSCUBAKQggFoSAUhBAKQkEoCCEUhIJQEEIoCAWhIIRQEApCQQihIBSEghBCQSgIBSGEglAQCkIIBaEgFIQQCkJBKAghFISCUBBCKAgFoSCEUBAKQkEIoSAUhBAKQkEoCCEUhIJQEEIoCAWhIIRQEApCQQihIBSEghBCQSgIBSGEglAQCkIIBaEgFIQQCkJBKAghFISCUBBCKAgFoSCEUBAKQkEIoSAUhIIQQkEoCAUhhIJQEApCCAWhIIRQEApCQQihIBSEghBCQSgIBSGEglAQCkIIBaEgFIQQCkJBKAghFISCUBBCKAgFoSCEUBAKQkEIoSAUhIIQQkEoCAUhhIJQEApCCAWhIBSEEApCQSgIIRSEglAQQigIBSGEJoBQEApCCAWhIBSEEApCQSgIIRSEglAQQigIBaEghFAQCkJBCKEgFISCEEJBKAgFIYSCUBAKQggFoSAUhBAKQkEoCCEUhIJQEEIoCAWhIIRQEApCQQihIBSEghBCQSgIIYQQQkEoCCEUhIJQEEIoCAWhIIRQEApCQQihIBSEghBCQSgIBSGEglAQCkIIBaEgFIQQCkJBKAghFISCUBBCKAgFoSCEUBAKQkEIoSAUhIIQQkEoCAUhhIJQEApCCAWhIBSEEApCQQihIBSEghBCQSgIBSGEglAQCkIIBaEgFIQQCkJBKAghFISCUBBCKAgFoSCEUBAKQkEIoSAUhIIQQkEoCAUhhIJQEApCCAWhIBSEEApCQSgIIRSEglAQQigIBaEghFAQCkIIIYRQEApCCAWhIBSEEApCQSgIIRSEglAQQqi0FsuiYk4LdTXjAAAAAElFTkSuQmCC); background-color: transparent;\"  data-x-element=\"section\" data-x-params=\"{&quot;type&quot;:&quot;image&quot;,&quot;parallax&quot;:false}\" ><div class=\"x-container max width\" style=\"margin: 0px auto;padding: 0px;\"  ><div  class=\"x-column x-sm cs-ta-center x-1-2\" style=\"padding: 0px;\" ><img  class=\"x-img man x-img-circle\"  src=\"http:\/\/neeoon.com\/wp-content\/uploads\/2018\/11\/neeoon-llightning-zu-aux-kabel-iphone7.jpg\" alt=\"Placeholder\"><\/div><div  class=\"x-column x-sm cs-ta-right x-1-2\" style=\"padding: 0px;\" ><h2  class=\"h-custom-headline resp-h-timeline h2\" style=\"margin: 21% 0 0;\"><span>Lightning zu Aux Kabel<\/span><\/h2><div class=\"x-text resp-p-timeline\"  ><p><span style=\"color: #ffffff;\">Endlich kannst du wieder dein iPhone mit deiner Musikanlage verbinden. Egal ob zu Hause, im Auto oder im B\u00fcro. Einfach das Kabel in eine beliebige Aux Buchse stecken und deine Musik vom iPhone abspielen.<\/span><\/p>\n<\/div><\/div><\/div><\/div><div id=\"x-section-3\" class=\"x-section cs-hide-sm cs-hide-xs bg-image\" style=\"margin: 0px;padding: 45px 0px; background-image: url(data:image\/png;base64,iVBORw0KGgoAAAANSUhEUgAABwgAAAMgBAMAAADFDSv9AAAABGdBTUEAALGPC\/xhBQAAABJQTFRF\/Pz8\/\/\/\/\/\/\/\/AAAA7Ozs3t7eztRK9wAAAAR0Uk5Tqj5pAAuPh48AAAnWSURBVHja7dhBDcAgFERBPNQBOChGSFP8W0EDCZcl8yQsmcOndEX3zs8I4RUTQCgIBSGEglAQCkIIBaEgFIQQCkJBKAghFISCUBBCKAgFoSCEUBAKQkEIoSAUhIIQQkEoCAUhhIJQEApCCAWhIBSEEApCQSgIIRSEglAQQigIBaEghFAQCkJBCKEgFIQQQgihIBSEEApCQSgIIRSEglAQQigIBaEghFAQCkJBCKEgFISCEEJBKAgFIYSCUBAKQggFoSAUhBAKQkEoCCEUhIJQEEIoCAWhIIRQEApCQQihIBSEghBCQSgIBSGEglAQCkIIBaEghFAQCkJBCKEgFISCEEJBKAgFIYSCUBAKQggFoSAUhBAKQkEoCCEUhIJQEEIoCAWhIIRQEApCQQihIBSEghBCQSgIBSGEglAQCkIIBaEgFIQQCkJBKAghFISCUBBCKAgFIYQQQigIBSGEglAQCkIIBaEgFIQQCkJBKAghFISCUBBCKAgFoSCEUBAKQkEIoSAUhIIQQkEoCAUhhIJQEApCCAWhIBSEEApCQSgIIRSEglAQQigIBaEghFAQCkJBCKEgFISCEEJBKAghFISCUBBCKAgFoSCEUBAKQkEIoSAUhIIQQkEoCAUhhIJQEApCCAWhIBSEEApCQSgIIRSEglAQQigIBaEghFAQCkJBCKEgFISCEEJBKAgFIYSCUBAKQggFoSAUhBAKQkEIoREgFISCEEJBKAgFIYSCUBAKQggFoSAUhBAKQkEoCCEUhIJQEEIoCAWhIIRQEApCQQihIBSEghBCQSgIBSGEglAQCkIIBaEgFIQQCkJBKAghFISCUBBCKAgFoSCEUBAKQkEIoSAUhBAKQkEoCCEUhIJQEEIoCAWhIIRQEApCQQihIBSEghBCQSgIBSGEglAQCkIIBaEgFIQQCkJBKAghFISCUBBCKAgFoSCEUBAKQkEIoSAUhIIQQkEoCAUhhIJQEApCCAWhIIRQEApCQQihIBSEghBCQSgIBSGEglAQCkIIBaEgFIQQCkJBKAghFISCUBBCKAgFoSCEUBAKQkEIoSAUhIIQQkEoCAUhhIJQEApCCAWhIBSEEApCQSgIIRSEglAQQigIBSGEJoBQEApCCAWhIBSEEApCQSgIIRSEglAQQigIBaEghFAQCkJBCKEgFISCEEJBKAgFIYSCUBAKQggFoSAUhBAKQkEoCCEUhIJQEEIoCAWhIIRQEApCQQihIBSEghBCQSgIIYQQQkEoCCEUhIJQEEIoCAWhIIRQEApCQQihIBSEghBCQSgIBSGEglAQCkIIBaEgFIQQCkJBKAghFISCUBBCKAgFoSCEUBAKQkEIoSAUhIIQQkEoCAUhhIJQEApCCAWhIBSEEApCQQihIBSEghBCQSgIBSGEglAQCkIIBaEgFIQQCkJBKAghFISCUBBCKAgFoSCEUBAKQkEIoSAUhIIQQkEoCAUhhIJQEApCCAWhIBSEEApCQSgIIRSEglAQQigIBaEghFAQCkIIIYRQEApCCAWhIBSEEApCQSgIIRSEglAQQigIBaEghFAQCkJBCKEgFISCEEJBKAgFIYSCUBAKQggFoSAUhBAKQkEoCCEUhIJQEEIoCAWhIIRQEApCQQihIBSEghBCQSgIBSGEglAQQigIBaEghFAQCkJBCKEgFISCEEJBKAgFIYSCUBBqA+GoGT0eC8JbEf4zo+axIIQQQggFoSB0E7oJIdRxhH5HIRSEghBCQSgIBSGEglAQCkIIBaEgFIQQCkJBKAghFISCUBBCKAgFoSCEUBAKQkEIoSAUhIIQQkEoCAUhhIJQEApCCAWhIBSEEApCQSgIIRSEglAQQigIBaEghFAQCkJBCKEgFIQQCkJBKAghFISCUBBCKAgFoSCEUBAKQkEIoSAUhIIQQkEoCAUhhIJQEApCCAWhIBSEEApCQSgIIRSEglAQQigIBaEghFAQCkJBCKEgFISCEEJBKAgFIYSCUBAKQggFoSCE0AgQCkJBCKEgFISCEEJBKAgFIYSCUBAKQggFoSAUhBAKQkEoCCEUhIJQEEIoCAWhIIRQEApCQQihIBSEghBCQSgIBSGEglAQCkIIBaEgFIQQCkJBKAghFISCUBBCKAgFoSCEUBAKQggFoSAUhBAKQkEoCCEUhIJQEEIoCAWhIIRQEApCQQihIBSEghBCQSgIBSGEglAQCkIIBaEgFIQQCkJBKAghFISCUBBCKAgFoSCEUBAKQkEIoSAUhIIQQkEoCAUhhIJQEEIoCAWhIIRQEApCQQihIBSEghBCQSgIBSGEglAQCkIIBaEgFIQQCkJBKAghFISCUBBCKAgFoSCEUBAKQkEIoSAUhIIQQkEoCAUhhIJQEApCCAWhIBSEEApCQSgIIRSEghBCE0AoCAUhhIJQEApCCAWhIBSEEApCQSgIIRSEglAQQigIBaEghFAQCkJBCKEgFISCEEJBKAgFIYSCUBAKQggFoSAUhBAKQkEoCCEUhIJQEEIoCAWhIIRQEApCQQihIBSEEEIIoSAUhBAKQkEoCCEUhIJQEEIoCAWhIIRQEApCQQihIBSEghBCQSgIBSGEglAQCkIIBaEgFIQQCkJBKAghFISCUBBCKAgFoSCEUBAKQkEIoSAUhIIQQkEoCAUhhIJQEApCCAWhIIRQEApCQQihIBSEghBCQSgIBSGEglAQCkIIBaEgFIQQCkJBKAghFISCUBBCKAgFoSCEUBAKQkEIoSAUhIIQQkEoCAUhhIJQEApCCAWhIBSEEApCQSgIIRSEglAQQigIBSGEEEIoCAUhhIJQEApCCAWhIBSEEApCQSgIIRSEglAQQigIBaEghFAQCkJBCKEgFISCEEJBKAgFIYSCUBAKQggFoSAUhBAKQkEoCCEUhIJQEEIoCAWhIIRQEApCQQihIBSEghBCQSgIIRSEglAQQigIBaEghFAQCkJBCKEgFISCEEJBKAgFIYSCUBAKQggFoSAUhBAKQkEoCCEUhIJQEEIoCAWhIIRQEApCQQihIBSEghBCQSgIBSGEglAQCkIIBaEgFIQQCkJBCKERIBSEghBCQSgIBSGEglAQCkIIBaEgFIQQCkJBKAghFISCUBBCKAgFoSCEUBAKQkEIoSAUhIIQQkEoCAUhhIJQEApCCAWhIBSEEApCQSgIIRSEglAQQigIBaEghFAQCkJBCKEgFIQQCkJBKAghFISCUBBCKAgFoSCEUBAKQkEIoSAUhIIQQkEoCAUhhIJQEApCCAWhIBSEEApCQSgIIRSEglAQQigIBaEghFAQCkJBCKEgFISCEEJBKAgFIYSCUBAKQggFoSCEUBAKQkEIoSAUhIIQQkEoCAUhhIJQEApCCJXVAhISYk5ethjfAAAAAElFTkSuQmCC); background-color: transparent;\"  data-x-element=\"section\" data-x-params=\"{&quot;type&quot;:&quot;image&quot;,&quot;parallax&quot;:false}\" ><div class=\"x-container max width\" style=\"margin: 0px auto;padding: 0px;\"  ><div  class=\"x-column x-sm x-1-2\" style=\"padding: 0px;\" ><h2  class=\"h-custom-headline resp-h-timeline h2\" style=\"margin: 21% 0 0;\"><span>Neeoon\u00b4s unwiderstehliche Apple Watch Armb\u00e4nder<\/span><\/h2><div class=\"x-text resp-p-timeline\"  ><p><span style=\"color: #ffffff;\">Traumhaftes Leder, unwiderstehliches Design - Die Hochwertigen Apple Watch B\u00e4nder von Neeoon sind perfekt f\u00fcr jeden Anlass.<\/span><\/p>\n<\/div><\/div><div  class=\"x-column x-sm cs-ta-center x-1-2\" style=\"padding: 0px;\" ><img  class=\"x-img man x-img-circle\"  src=\"http:\/\/neeoon.com\/wp-content\/uploads\/2018\/11\/Neeoon-lederarmband-apple-watch-braun-klassisch-schwarz-adapter-2.jpg\" alt=\"Placeholder\"><\/div><\/div><\/div><div id=\"x-section-4\" class=\"x-section cs-hide-xl cs-hide-lg cs-hide-md cs-ta-center\" style=\"margin: 0px;padding: 45px 0px; background-color: transparent;\"  ><div class=\"x-container max width\" style=\"margin: 0px auto;padding: 0px;\"  ><div  class=\"x-column x-sm x-1-1\" style=\"padding: 0px;\" ><h2  class=\"h-custom-headline man resp-h-timeline h2\" ><span>Neeoon AirPods Qi LadeCase<\/span><\/h2><div class=\"x-text\"  ><p class=\"resp-p-timeline mts mbn\"><span style=\"color: #ffffff;\">Die Weltneuheit.\u00a0Das Qi LadeCase f\u00fcr deine Apple AirPods, in einem unwiderstehlichem Design.<\/span><\/p>\n<\/div><img  class=\"x-img man x-img-circle\"  src=\"http:\/\/neeoon.com\/wp-content\/uploads\/2018\/11\/QIAIRPOD_Schutzh\u00fclle-apple-grau.jpg\" alt=\"Placeholder\"><h2  class=\"h-custom-headline man resp-h-timeline h2\" ><span>Lightning zu Aux Kabel<\/span><\/h2><div class=\"x-text\"  ><p><span style=\"color: #ffffff;\">Endlich kannst du wieder dein iPhone mit deiner Musikanlage verbinden. Egal ob zu Hause, im Auto oder im B\u00fcro. Einfach das Kabel in eine beliebige Aux Buchse stecken und deine Musik vom iPhone abspielen.<\/span><\/p>\n<\/div><img  class=\"x-img man x-img-circle\"  src=\"http:\/\/neeoon.com\/wp-content\/uploads\/2018\/11\/neeoon-llightning-zu-aux-kabel-iphone7.jpg\" alt=\"Placeholder\"><h2  class=\"h-custom-headline man resp-h-timeline h2\" ><span>Neeoon\u00b4s unwiderstehliche Apple Watch Armb\u00e4nder<\/span><\/h2><div class=\"x-text\"  ><p class=\"resp-p-timeline mvs\"><span style=\"color: #ffffff;\">Traumhaftes Leder, unwiderstehliches Design \u2013 Die Hochwertigen Apple Watch B\u00e4nder von Neeoon sind perfekt f\u00fcr jeden Anlass.<\/span><span><\/span><\/p>\n<\/div><img  class=\"x-img man x-img-circle\"  src=\"http:\/\/neeoon.com\/wp-content\/uploads\/2018\/11\/Neeoon-lederarmband-apple-watch-braun-klassisch-schwarz-adapter-2.jpg\" alt=\"Placeholder\"><\/div><\/div><\/div><div id=\"x-section-5\" class=\"x-section\" style=\"margin: 0px;padding: 85px 0px;border-style: solid;border-width: 1px 0px;border-color: #e5e5e5; background-color: #ffffff;\"  ><div class=\"x-container max width\" style=\"margin: 0px auto;padding: 0px;\"  ><div  class=\"x-column x-sm x-1-4\" style=\"padding: 0px;\" ><div  class=\"x-counter\" data-x-element=\"counter\" data-x-params=\"{&quot;numEnd&quot;:35,&quot;numSpeed&quot;:1500}\"  ><div class=\"number-wrap w-h\" style=\"color: #272727;\"><span class=\"number\">0<\/span><\/div><span class=\"text-below\" >Produkte<\/span><\/div><\/div><div  class=\"x-column x-sm x-1-4\" style=\"padding: 0px;\" ><div  class=\"x-counter\" data-x-element=\"counter\" data-x-params=\"{&quot;numEnd&quot;:0,&quot;numSpeed&quot;:1500}\"  ><div class=\"number-wrap w-h\" style=\"color: #272727;\"><span class=\"number\">0<\/span><\/div><span class=\"text-below\" >seit<\/span><\/div><\/div><div  class=\"x-column x-sm x-1-4\" style=\"padding: 0px;\" ><div  class=\"x-counter\" data-x-element=\"counter\" data-x-params=\"{&quot;numEnd&quot;:20,&quot;numSpeed&quot;:1500}\"  ><div class=\"number-wrap w-h\" style=\"color: #272727;\"><span class=\"number\">0<\/span><\/div><span class=\"text-below\" >Gr\u00fcndungsjahr<\/span><\/div><\/div><div  class=\"x-column x-sm x-1-4\" style=\"padding: 0px;\" ><div  class=\"x-counter\" data-x-element=\"counter\" data-x-params=\"{&quot;numEnd&quot;:17,&quot;numSpeed&quot;:1500}\"  ><div class=\"number-wrap w-h\" style=\"color: #272727;\"><span class=\"number\">0<\/span><\/div><\/div><\/div><\/div><\/div><div id=\"x-section-6\" class=\"x-section cs-ta-center bg-image parallax\" style=\"margin: 0px;padding: 15% 0px; background-image: url(http:\/\/neeoon.com\/wp-content\/uploads\/2018\/11\/Neeeon-Logo-1500x750.png); background-color: #333333;\"  data-x-element=\"section\" data-x-params=\"{&quot;type&quot;:&quot;image&quot;,&quot;parallax&quot;:true}\" ><div class=\"x-container max width\" style=\"margin: 0px auto;padding: 0px 5%;\"  ><div  class=\"x-column x-sm x-1-1\" style=\"padding: 0px;\" ><h2  class=\"h-custom-headline resp-h man h2\" style=\"color: #fff;\"><span>Interessantes<br>Apple Wissen<\/span><\/h2><hr  class=\"x-gap\" style=\"margin: 25px 0 0 0;\"><div class=\"x-text\" style=\"color: #fff;\"  ><p>Laut Apple wurde das iPhoneX \u00fcber 27Mio mal verkauft<\/p>\n<\/div><hr  class=\"x-gap\" style=\"margin: 25px 0 0 0;\"><div  class=\"x-counter\" data-x-element=\"counter\" data-x-params=\"{&quot;numEnd&quot;:27234432,&quot;numSpeed&quot;:150000}\"  style=\"color: #ffffff;\"><div class=\"number-wrap w-h\" style=\"color: #ffffff;\"><span class=\"number\">0<\/span><span class=\"suffix\">+<\/span><\/div><span class=\"text-below\" style=\"color: #ffffff;\">Verkaufte iPhoneX<\/span><\/div><\/div><\/div><\/div><div id=\"x-section-7\" class=\"x-section cs-ta-center\" style=\"margin: 0px;padding: 15% 0px; background-color: transparent;\"  ><div class=\"x-container max width\" style=\"margin: 0px auto;padding: 0px;\"  ><div  class=\"x-column x-sm x-1-1\" style=\"padding: 0px;\" >\n<div class=\"e175-55 x-text x-text-headline\" >\n  <div class=\"x-text-content\"><div class=\"x-text-content-text\"><h1 class=\"x-text-content-text-primary\">100% Zufriedenheitsgarantie<\/h1><\/div><\/div><\/div>\n<div class=\"x-text\" style=\"color: #fff;\"  ><p 100=\"\" zufriedenheitsgarantie=\"\" neeoon=\"\" ist=\"\" ein=\"\" junges=\"\" start-up=\"\" das=\"\" sich=\"\" speziell=\"\" auf=\"\" beste=\"\" technik=\"\" und=\"\" hervorragenden=\"\" kundenservice=\"\" spezialisiert=\"\" hat=\"\" bei=\"\" jeder=\"\" frage=\"\" jedem=\"\" wunsch=\"\" oder=\"\" anmerkung=\"\" antworten=\"\" wir=\"\" dir=\"\" so=\"\" schnell=\"\" wie=\"\" m=\"\" glich=\"\" finden=\"\" eine=\"\" passende=\"\" l=\"\" sung=\"\" f=\"\" r=\"\" dich=\"\" p=\"\">\n<p 100=\"\" zufriedenheitsgarantie=\"\" neeoon=\"\" ist=\"\" ein=\"\" junges=\"\" start-up=\"\" das=\"\" sich=\"\" speziell=\"\" auf=\"\" beste=\"\" technik=\"\" und=\"\" hervorragenden=\"\" kundenservice=\"\" spezialisiert=\"\" hat=\"\" bei=\"\" jeder=\"\" frage=\"\" jedem=\"\" wunsch=\"\" oder=\"\" anmerkung=\"\" antworten=\"\" wir=\"\" dir=\"\" so=\"\" schnell=\"\" wie=\"\" m=\"\" glich=\"\" finden=\"\" eine=\"\" passende=\"\" l=\"\" sung=\"\" f=\"\" r=\"\" dich=\"\" p=\"\"><strong>Neeoon ist ein junges Start-Up, das sich speziell auf beste Technik und hervorragenden Kundenservice spezialisiert hat. Bei jeder Frage, jedem Wunsch oder jeder Anmerkung antworten wir dir so schnell wie m\u00f6glich und finden eine passende L\u00f6sung f\u00fcr Dich.<\/strong><\/p>\n<\/div><\/div><\/div><\/div><div id=\"x-section-8\" class=\"x-section\" style=\"margin: 0px;padding: 45px 0px;border-style: solid;border-width: 1px 0px;border-color: #e5e5e5; background-color: #ffffff;\"  ><div class=\"x-container max width\" style=\"margin: 0px auto;padding: 0px;\"  ><div  class=\"x-column x-sm x-1-1\" style=\"padding: 0px;\" ><h2  class=\"h-custom-headline cs-ta-center resp-h man h2 accent\" ><span>Produkte<\/span><\/h2><\/div><\/div><\/div><div id=\"x-section-9\" class=\"x-section cs-ta-center\" style=\"margin: 0px;padding: 0px;border-style: solid;border-width: 1px 0px;border-color: #e5e5e5; background-color: #ffffff;\"  ><div class=\"x-container marginless-columns\" style=\"margin: 0px;padding: 0px;\"  ><div  class=\"x-column x-sm x-1-3\" style=\"padding: 0px; background-color:hsl(0, 0%, 96%);\" >\n<div class=\"e175-64 x-text x-text-headline\" >\n  <div class=\"x-text-content\"><div class=\"x-text-content-text\"><h1 class=\"x-text-content-text-primary\">iPhone<\/h1><\/div><\/div><\/div>\n\n<div class=\"e175-65 x-text\" >\n  <p>Perfektes Zubeh\u00f6r f\u00fcr dein iPhone.<\/p>  <p>   <\/p><\/div>\n<a  class=\"x-btn x-btn-rounded x-btn-large\"  href=\"#\"     data-options=\"thumbnail: ''\"><i  class=\"x-icon mvn mln mrs x-icon-mobile-alt\" data-x-icon-s=\"&#xf3cd;\" aria-hidden=\"true\"><\/i>Click Me!<\/a><\/div><div  class=\"x-column x-sm x-1-3\" style=\"padding: 0px; background-color:hsl(0, 0%, 90%);\" >\n<div class=\"e175-68 x-text x-text-headline\" >\n  <div class=\"x-text-content\"><div class=\"x-text-content-text\"><h1 class=\"x-text-content-text-primary\">Mac<\/h1><\/div><\/div><\/div>\n\n<div class=\"e175-69 x-text\" >\n  <p>Mach dein Mac noch (Pro)-fessioneller<\/p> <p>   <\/p><\/div>\n<a  class=\"x-btn x-btn-rounded x-btn-large\"  href=\"#\"     data-options=\"thumbnail: ''\"><i  class=\"x-icon mvn mln mrs x-icon-laptop\" data-x-icon-s=\"&#xf109;\" aria-hidden=\"true\"><\/i>Click Me!<\/a><\/div><div  class=\"x-column x-sm x-1-3\" style=\"padding: 0px; background-color:hsl(0, 0%, 84%);\" >\n<div class=\"e175-72 x-text x-text-headline\" >\n  <div class=\"x-text-content\"><div class=\"x-text-content-text\"><h1 class=\"x-text-content-text-primary\">AirPods<\/h1><\/div><\/div><\/div>\n\n<div class=\"e175-73 x-text\" >\n  <p>Die passenden Accessoires f\u00fcr die Musiklieblinge.<\/p> <p>   <\/p><\/div>\n<a  class=\"x-btn x-btn-rounded x-btn-large\"  href=\"#\"     data-options=\"thumbnail: ''\"><i  class=\"x-icon mvn mln mrs x-icon-headphones-alt\" data-x-icon-s=\"&#xf58f;\" aria-hidden=\"true\"><\/i>Click Me!<\/a><\/div><\/div><\/div><div id=\"x-section-10\" class=\"x-section cs-ta-center\" style=\"margin: 0px;padding: 8% 0px; background-color: hsla(0, 0%, 20%, 0);\"  ><div class=\"x-container max width\" style=\"margin: 0px auto;padding: 0px 5%;\"  ><div  class=\"x-column x-sm x-1-1\" style=\"padding: 0px;\" ><a  class=\"x-btn x-btn-rounded x-btn-jumbo\"  href=\"#\" title=\"Title\"    data-options=\"thumbnail: ''\"><i  class=\"x-icon mvn mln mrs x-icon-arrow-alt-up\" data-x-icon-s=\"&#xf357;\" aria-hidden=\"true\"><\/i>ganz nach oben<\/a><\/div><\/div><\/div><span id=\"x-responsive-text-1\" data-x-element=\"responsive_text\" data-x-params=\"{&quot;selector&quot;:&quot;.resp-h&quot;,&quot;compression&quot;:&quot;1.35&quot;,&quot;minFontSize&quot;:&quot;36px&quot;,&quot;maxFontSize&quot;:&quot;64px&quot;}\" ><\/span><span id=\"x-responsive-text-2\" data-x-element=\"responsive_text\" data-x-params=\"{&quot;selector&quot;:&quot;.resp-p&quot;,&quot;compression&quot;:&quot;2.65&quot;,&quot;minFontSize&quot;:&quot;18px&quot;,&quot;maxFontSize&quot;:&quot;21px&quot;}\" ><\/span><span id=\"x-responsive-text-3\" data-x-element=\"responsive_text\" data-x-params=\"{&quot;selector&quot;:&quot;.resp-h-timeline&quot;,&quot;compression&quot;:&quot;0.85&quot;,&quot;minFontSize&quot;:&quot;28px&quot;,&quot;maxFontSize&quot;:&quot;54px&quot;}\" ><\/span><span id=\"x-responsive-text-4\" data-x-element=\"responsive_text\" data-x-params=\"{&quot;selector&quot;:&quot;.resp-p-timeline&quot;,&quot;compression&quot;:&quot;2.35&quot;,&quot;minFontSize&quot;:&quot;16px&quot;,&quot;maxFontSize&quot;:&quot;24px&quot;}\" ><\/span><\/div>\n","protected":false},"excerpt":{"rendered":"<p>Neeoon AirPods Qi LadeCaseDie Weltneuheit. Das Qi LadeCase f\u00fcr deine Apple AirPods, in einem unwiderstehlichem Design. Lightning zu Aux KabelEndlich kannst du wieder dein iPhone mit deiner Musikanlage verbinden. Egal ob zu Hause, im Auto oder im B\u00fcro. Einfach das Kabel in eine beliebige Aux Buchse stecken und deine Musik vom iPhone abspielen. Neeoon\u00b4s unwiderstehliche Apple Watch Armb\u00e4nderTraumhaftes Leder, unwiderstehliches &#8230; <\/p>\n<div><a href=\"https:\/\/neeoon.com\/\" class=\"more-link\">Read More<\/a><\/div>\n","protected":false},"author":1,"featured_media":0,"parent":188,"menu_order":0,"comment_status":"closed","ping_status":"closed","template":"template-blank-4.php","meta":[],"_links":{"self":[{"href":"https:\/\/neeoon.com\/index.php?rest_route=\/wp\/v2\/pages\/175"}],"collection":[{"href":"https:\/\/neeoon.com\/index.php?rest_route=\/wp\/v2\/pages"}],"about":[{"href":"https:\/\/neeoon.com\/index.php?rest_route=\/wp\/v2\/types\/page"}],"author":[{"embeddable":true,"href":"https:\/\/neeoon.com\/index.php?rest_route=\/wp\/v2\/users\/1"}],"replies":[{"embeddable":true,"href":"https:\/\/neeoon.com\/index.php?rest_route=%2Fwp%2Fv2%2Fcomments&post=175"}],"version-history":[{"count":29,"href":"https:\/\/neeoon.com\/index.php?rest_route=\/wp\/v2\/pages\/175\/revisions"}],"predecessor-version":[{"id":233,"href":"https:\/\/neeoon.com\/index.php?rest_route=\/wp\/v2\/pages\/175\/revisions\/233"}],"up":[{"embeddable":true,"href":"https:\/\/neeoon.com\/index.php?rest_route=\/wp\/v2\/pages\/188"}],"wp:attachment":[{"href":"https:\/\/neeoon.com\/index.php?rest_route=%2Fwp%2Fv2%2Fmedia&parent=175"}],"curies":[{"name":"wp","href":"https:\/\/api.w.org\/{rel}","templated":true}]}}