{"id":188,"date":"2018-11-05T22:07:42","date_gmt":"2018-11-05T22:07:42","guid":{"rendered":"http:\/\/neeoon.com\/?page_id=188"},"modified":"2018-11-08T18:22:16","modified_gmt":"2018-11-08T18:22:16","slug":"produkte","status":"publish","type":"page","link":"https:\/\/neeoon.com\/?page_id=188","title":{"rendered":"Produkte"},"content":{"rendered":"<div id=\"cs-content\" class=\"cs-content\"  >\n<div class=\"e188-1 x-section\" >\n      \n<div class=\"e188-2 x-container max width\" >\n    \n<div class=\"e188-3 x-column x-sm x-1-1\" >\n    \n<div class=\"e188-4 x-text x-text-headline\" >\n  <div class=\"x-text-content\"><div class=\"x-text-content-text\"><h2 class=\"x-text-content-text-primary\">Neeoon Family<\/h2><\/div><\/div><\/div>\n\n<hr class=\"e188-5 x-line\" \/>\n\n<div class=\"e188-6 x-text\" >\n  100% Zufriedenheitsgarantie - Neeoon ist ein junges Start-Up, das sich speziell auf beste Technik und hervorragenden Kundenservice spezialisiert hat. Bei jeder Frage, jedem Wunsch oder jeder Anmerkung antworten wir dir so schnell wie m\u00f6glich und finden eine passende L\u00f6sung f\u00fcr Dich.<\/div>\n<\/div>\n<\/div>\n\n<div class=\"e188-12 x-container marginless-columns\" >\n    \n<div class=\"e188-13 x-column x-sm x-1-3\" >\n    \n<div class=\"e188-14 x-text x-text-headline\" >\n  <div class=\"x-text-content\"><div class=\"x-text-content-text\"><h3 class=\"x-text-content-text-primary\">iPhone<\/h3><\/div><\/div><\/div>\n\n<div class=\"e188-15 x-text\" >\n  Einmal AirPods, immer AirPods. Die passenden Accessoires f\u00fcr unsere Ohrliebhaber.<\/div>\n<a  class=\"x-btn x-btn-global\"  href=\"#\"     data-options=\"thumbnail: ''\"><i  class=\"x-icon mvn mln mrs x-icon-mobile\" data-x-icon-s=\"&#xf10b;\" aria-hidden=\"true\"><\/i>Click Me!<\/a><\/div>\n\n<div class=\"e188-17 x-column x-sm x-1-3\" >\n    \n<div class=\"e188-18 x-text x-text-headline\" >\n  <div class=\"x-text-content\"><div class=\"x-text-content-text\"><h3 class=\"x-text-content-text-primary\">Mac<\/h3><\/div><\/div><\/div>\n\n<div class=\"e188-19 x-text\" >\n  <p>Mach deinen Mac noch (Pro)-fesioneller.<\/p> <p><\/p><\/div>\n<a  class=\"x-btn x-btn-global\"  href=\"#\"     data-options=\"thumbnail: ''\"><i  class=\"x-icon mvn mln mrs x-icon-laptop\" data-x-icon-s=\"&#xf109;\" aria-hidden=\"true\"><\/i>Click Me!<\/a><\/div>\n\n<div class=\"e188-21 x-column x-sm x-1-3\" >\n    \n<div class=\"e188-22 x-text x-text-headline\" >\n  <div class=\"x-text-content\"><div class=\"x-text-content-text\"><h3 class=\"x-text-content-text-primary\">AirPods<\/h3><\/div><\/div><\/div>\n\n<div class=\"e188-23 x-text\" >\n  <p>Einmal AirPods, immer AirPods. Die passeneden Accessoires f\u00fcr die Musiklieblinge.<\/p><\/div>\n<a  class=\"x-btn x-btn-global\"  href=\"#\"     data-options=\"thumbnail: ''\"><i  class=\"x-icon mvn mln mrs x-icon-headphones-alt\" data-x-icon-s=\"&#xf58f;\" aria-hidden=\"true\"><\/i>Click Me!<\/a><\/div>\n<\/div>\n    <\/div>\n\n<div class=\"e188-28 x-section\" >\n      \n<div class=\"e188-29 x-container max width\" >\n    \n<div class=\"e188-30 x-column x-sm x-1-1\" >\n    \n<span class=\"e188-31 x-image\" >\n  <img src=\"http:\/\/neeoon.com\/wp-content\/uploads\/2018\/11\/QI-Airpod-Case-Ladeh\u00fclle-neeoon.jpg\" width=\"512\" height=\"512\" alt=\"Image\" loading=\"lazy\" >\n<\/span>\n\n<span class=\"e188-32 x-image\" >\n  <img src=\"\" alt=\"Image\" >\n<\/span>\n<\/div>\n<\/div>\n\n<div class=\"e188-38 x-container max width\" >\n    \n<div class=\"e188-39 x-column x-sm x-1-1\" >\n    \n<div class=\"e188-40 x-text\" >\n  Neeoon AirPods Qi Ladecase  - kabellos einfach<\/div>\n<\/div>\n<\/div>\n    <\/div>\n\n<div class=\"e188-46 x-section\" >\n      \n<div class=\"e188-47 x-container max width\" >\n    \n<div class=\"e188-48 x-column x-sm x-1-1\" >\n    \n<div data-x-element=\"text_type\" data-x-params=\"{&quot;strings&quot;:[&quot;Mac,&quot;,&quot;iPhone,&quot;,&quot;AirPods,&quot;],&quot;type_speed&quot;:50,&quot;back_speed&quot;:50,&quot;start_delay&quot;:0,&quot;back_delay&quot;:1000,&quot;loop&quot;:true,&quot;show_cursor&quot;:true,&quot;cursor&quot;:&quot;|&quot;}\" class=\"e188-49 x-text x-text-headline\" >\n  <div class=\"x-text-content\"><div class=\"x-text-content-text\"><h2 class=\"x-text-content-text-primary\">Neeoon\u00b4s Produktpalette, ob f\u00fcr <span class=\"x-text-typing\"><\/span> immer die beste Wahl<\/h2><\/div><\/div><\/div>\n<\/div>\n<\/div>\n    <\/div>\n\n<div class=\"e188-55 x-section\" >\n      \n<div class=\"e188-56 x-container max width\" >\n    \n<div class=\"e188-57 x-column x-sm x-1-1\" >\n    &nbsp;<\/div>\n<\/div>\n    <\/div>\n<\/div>\n","protected":false},"excerpt":{"rendered":"<p>Neeoon Family 100% Zufriedenheitsgarantie &#8211; Neeoon ist ein junges Start-Up, das sich speziell auf beste Technik und hervorragenden Kundenservice spezialisiert hat. Bei jeder Frage, jedem Wunsch oder jeder Anmerkung antworten wir dir so schnell wie m\u00f6glich und finden eine passende L\u00f6sung f\u00fcr Dich. iPhone Einmal AirPods, immer AirPods. Die passenden Accessoires f\u00fcr unsere Ohrliebhaber. Click Me! Mac Mach deinen Mac &#8230; <\/p>\n<div><a href=\"https:\/\/neeoon.com\/?page_id=188\" class=\"more-link\">Read More<\/a><\/div>\n","protected":false},"author":1,"featured_media":0,"parent":0,"menu_order":0,"comment_status":"closed","ping_status":"closed","template":"template-blank-4.php","meta":[],"_links":{"self":[{"href":"https:\/\/neeoon.com\/index.php?rest_route=\/wp\/v2\/pages\/188"}],"collection":[{"href":"https:\/\/neeoon.com\/index.php?rest_route=\/wp\/v2\/pages"}],"about":[{"href":"https:\/\/neeoon.com\/index.php?rest_route=\/wp\/v2\/types\/page"}],"author":[{"embeddable":true,"href":"https:\/\/neeoon.com\/index.php?rest_route=\/wp\/v2\/users\/1"}],"replies":[{"embeddable":true,"href":"https:\/\/neeoon.com\/index.php?rest_route=%2Fwp%2Fv2%2Fcomments&post=188"}],"version-history":[{"count":5,"href":"https:\/\/neeoon.com\/index.php?rest_route=\/wp\/v2\/pages\/188\/revisions"}],"predecessor-version":[{"id":219,"href":"https:\/\/neeoon.com\/index.php?rest_route=\/wp\/v2\/pages\/188\/revisions\/219"}],"wp:attachment":[{"href":"https:\/\/neeoon.com\/index.php?rest_route=%2Fwp%2Fv2%2Fmedia&parent=188"}],"curies":[{"name":"wp","href":"https:\/\/api.w.org\/{rel}","templated":true}]}}